{"id":133276,"date":"2025-06-20T10:33:48","date_gmt":"2025-06-20T10:33:48","guid":{"rendered":"https:\/\/headful.io\/accessibility-statement\/"},"modified":"2025-06-20T10:33:48","modified_gmt":"2025-06-20T10:33:48","slug":"zuganglichkeitserklarung","status":"publish","type":"page","link":"https:\/\/headful.io\/de\/accessibility-statement\/","title":{"rendered":"Erkl\u00e4rung zur Barrierefreiheit"},"content":{"rendered":"<h6 class=\"wp-block-heading has-text-align-center\">Zug\u00e4nglichkeitserkl\u00e4rung f\u00fcr https:\/\/headful.io\/<\/h6>\n\n\n<p><strong>headful software GmbH<\/strong> setzt sich daf\u00fcr ein, die digitale Zug\u00e4nglichkeit f\u00fcr Menschen mit Behinderungen zu gew\u00e4hrleisten. Wir verbessern kontinuierlich das Nutzererlebnis f\u00fcr alle und wenden die entsprechenden Zug\u00e4nglichkeitsstandards an.<\/p>\n\n\n<h6 class=\"wp-block-heading\">Status der Konformit\u00e4t<\/h6>\n\n\n<p>Die Web Content Accessibility Guidelines (WCAG) definieren Anforderungen f\u00fcr Designer und Entwickler, um die Zug\u00e4nglichkeit f\u00fcr Menschen mit Behinderungen zu verbessern. Sie definieren drei Stufen der Konformit\u00e4t: Stufe A, Stufe AA und Stufe AAA.<\/p>\n\n\n<p><strong>headful software GmbH<\/strong> ist st\u00e4ndig bem\u00fcht, die Zug\u00e4nglichkeit seiner Website und seiner Dienste zu verbessern, weil wir glauben, dass es unsere gemeinsame moralische Verpflichtung ist, eine nahtlose, zug\u00e4ngliche und ungehinderte Nutzung f\u00fcr Menschen mit Behinderungen zu erm\u00f6glichen.<\/p>\n\n\n<p>Wir m\u00f6chten, dass alle Seiten und Inhalte auf <strong>https:\/\/headful.io\/<\/strong> zug\u00e4nglich, aber manche Inhalte erf\u00fcllen noch nicht die h\u00f6chsten Zug\u00e4nglichkeitsstandards. Das k\u00f6nnte daran liegen, dass es schwierig ist, die am besten geeignete technische L\u00f6sung zu finden.<\/p>\n\n\n<p>Wir k\u00f6nnen diese Erkl\u00e4rung von Zeit zu Zeit \u00fcberarbeiten, um Verbesserungen oder \u00c4nderungen an unseren Zug\u00e4nglichkeitspraktiken zu ber\u00fccksichtigen.<\/p>\n\n\n<h6 class=\"wp-block-heading\">Feedback<\/h6>\n\n\n<p>Wir freuen uns \u00fcber dein Feedback zur Zug\u00e4nglichkeit von <strong>headful software GmbH<\/strong> Website. Bitte lass uns wissen, wenn du auf unserer Website auf Barrieren st\u00f6\u00dft:<\/p>\n\n\n<p>E-Mail: <strong>support@headful.io<\/strong><\/p>\n\n\n<p>Wir versuchen, innerhalb von 3-5 Werktagen auf dein Feedback zu antworten.<\/p>\n\n\n<p>Diese Erkl\u00e4rung wurde am 20\/06\/2025 erstellt. <\/p>","protected":false},"excerpt":{"rendered":"<p>Accessibility Statement for https:\/\/headful.io\/ headful software GmbH is committed to ensuring digital accessibility for people with disabilities. We are continually [&hellip;]<\/p>\n","protected":false},"author":1,"featured_media":0,"parent":0,"menu_order":0,"comment_status":"closed","ping_status":"closed","template":"","meta":{"footnotes":""},"class_list":["post-133276","page","type-page","status-publish","hentry"],"yoast_head":"<!-- This site is optimized with the Yoast SEO Premium plugin v25.5 (Yoast SEO v27.5) - https:\/\/yoast.com\/product\/yoast-seo-premium-wordpress\/ -->\n<title>Accessibility statement - headful<\/title>\n<meta name=\"robots\" content=\"index, follow, max-snippet:-1, max-image-preview:large, max-video-preview:-1\" \/>\n<link rel=\"canonical\" href=\"https:\/\/headful.io\/de\/zuganglichkeitserklarung\/\" \/>\n<meta property=\"og:locale\" content=\"de_DE\" \/>\n<meta property=\"og:type\" content=\"article\" \/>\n<meta property=\"og:title\" content=\"Accessibility statement - headful\" \/>\n<meta property=\"og:description\" content=\"Accessibility Statement for https:\/\/headful.io\/ headful software GmbH is committed to ensuring digital accessibility for people with disabilities. We are continually [&hellip;]\" \/>\n<meta property=\"og:url\" content=\"https:\/\/headful.io\/de\/zuganglichkeitserklarung\/\" \/>\n<meta property=\"og:site_name\" content=\"headful\" \/>\n<meta property=\"og:image\" content=\"https:\/\/headful.io\/wp-content\/uploads\/2025\/08\/headful_yoast-background.jpg\" \/>\n\t<meta property=\"og:image:width\" content=\"2560\" \/>\n\t<meta property=\"og:image:height\" content=\"1440\" \/>\n\t<meta property=\"og:image:type\" content=\"image\/jpeg\" \/>\n<meta name=\"twitter:card\" content=\"summary_large_image\" \/>\n<meta name=\"twitter:label1\" content=\"Gesch\u00e4tzte Lesezeit\" \/>\n\t<meta name=\"twitter:data1\" content=\"1\u00a0Minute\" \/>\n<script type=\"application\/ld+json\" class=\"yoast-schema-graph\">{\"@context\":\"https:\\\/\\\/schema.org\",\"@graph\":[{\"@type\":\"WebPage\",\"@id\":\"https:\\\/\\\/headful.io\\\/accessibility-statement\\\/\",\"url\":\"https:\\\/\\\/headful.io\\\/accessibility-statement\\\/\",\"name\":\"Accessibility statement - headful\",\"isPartOf\":{\"@id\":\"https:\\\/\\\/headful.io\\\/#website\"},\"datePublished\":\"2025-06-20T10:33:48+00:00\",\"inLanguage\":\"de\",\"potentialAction\":[{\"@type\":\"ReadAction\",\"target\":[\"https:\\\/\\\/headful.io\\\/accessibility-statement\\\/\"]}]},{\"@type\":\"WebSite\",\"@id\":\"https:\\\/\\\/headful.io\\\/#website\",\"url\":\"https:\\\/\\\/headful.io\\\/\",\"name\":\"headful\",\"description\":\"Simplify your Communication\",\"publisher\":{\"@id\":\"https:\\\/\\\/headful.io\\\/#organization\"},\"potentialAction\":[{\"@type\":\"SearchAction\",\"target\":{\"@type\":\"EntryPoint\",\"urlTemplate\":\"https:\\\/\\\/headful.io\\\/?s={search_term_string}\"},\"query-input\":{\"@type\":\"PropertyValueSpecification\",\"valueRequired\":true,\"valueName\":\"search_term_string\"}}],\"inLanguage\":\"de\"},{\"@type\":\"Organization\",\"@id\":\"https:\\\/\\\/headful.io\\\/#organization\",\"name\":\"headful\",\"url\":\"https:\\\/\\\/headful.io\\\/\",\"logo\":{\"@type\":\"ImageObject\",\"inLanguage\":\"de\",\"@id\":\"https:\\\/\\\/headful.io\\\/#\\\/schema\\\/logo\\\/image\\\/\",\"url\":\"https:\\\/\\\/headful.io\\\/wp-content\\\/uploads\\\/2024\\\/04\\\/cropped-Headful_favicon.png\",\"contentUrl\":\"https:\\\/\\\/headful.io\\\/wp-content\\\/uploads\\\/2024\\\/04\\\/cropped-Headful_favicon.png\",\"width\":512,\"height\":512,\"caption\":\"headful\"},\"image\":{\"@id\":\"https:\\\/\\\/headful.io\\\/#\\\/schema\\\/logo\\\/image\\\/\"},\"sameAs\":[\"https:\\\/\\\/www.linkedin.com\\\/company\\\/headful\"]}]}<\/script>\n<!-- \/ Yoast SEO Premium plugin. -->","yoast_head_json":{"title":"Erkl\u00e4rung zur Barrierefreiheit - headful","robots":{"index":"index","follow":"follow","max-snippet":"max-snippet:-1","max-image-preview":"max-image-preview:large","max-video-preview":"max-video-preview:-1"},"canonical":"https:\/\/headful.io\/de\/zuganglichkeitserklarung\/","og_locale":"de_DE","og_type":"article","og_title":"Accessibility statement - headful","og_description":"Accessibility Statement for https:\/\/headful.io\/ headful software GmbH is committed to ensuring digital accessibility for people with disabilities. We are continually [&hellip;]","og_url":"https:\/\/headful.io\/de\/zuganglichkeitserklarung\/","og_site_name":"headful","og_image":[{"width":2560,"height":1440,"url":"https:\/\/headful.io\/wp-content\/uploads\/2025\/08\/headful_yoast-background.jpg","type":"image\/jpeg"}],"twitter_card":"summary_large_image","twitter_misc":{"Gesch\u00e4tzte Lesezeit":"1\u00a0Minute"},"schema":{"@context":"https:\/\/schema.org","@graph":[{"@type":"WebPage","@id":"https:\/\/headful.io\/accessibility-statement\/","url":"https:\/\/headful.io\/accessibility-statement\/","name":"Erkl\u00e4rung zur Barrierefreiheit - headful","isPartOf":{"@id":"https:\/\/headful.io\/#website"},"datePublished":"2025-06-20T10:33:48+00:00","inLanguage":"de","potentialAction":[{"@type":"ReadAction","target":["https:\/\/headful.io\/accessibility-statement\/"]}]},{"@type":"WebSite","@id":"https:\/\/headful.io\/#website","url":"https:\/\/headful.io\/","name":"headful","description":"Vereinfachen Sie Ihre Kommunikation","publisher":{"@id":"https:\/\/headful.io\/#organization"},"potentialAction":[{"@type":"SearchAction","target":{"@type":"EntryPoint","urlTemplate":"https:\/\/headful.io\/?s={search_term_string}"},"query-input":{"@type":"PropertyValueSpecification","valueRequired":true,"valueName":"search_term_string"}}],"inLanguage":"de"},{"@type":"Organization","@id":"https:\/\/headful.io\/#organization","name":"headful","url":"https:\/\/headful.io\/","logo":{"@type":"ImageObject","inLanguage":"de","@id":"https:\/\/headful.io\/#\/schema\/logo\/image\/","url":"https:\/\/headful.io\/wp-content\/uploads\/2024\/04\/cropped-Headful_favicon.png","contentUrl":"https:\/\/headful.io\/wp-content\/uploads\/2024\/04\/cropped-Headful_favicon.png","width":512,"height":512,"caption":"headful"},"image":{"@id":"https:\/\/headful.io\/#\/schema\/logo\/image\/"},"sameAs":["https:\/\/www.linkedin.com\/company\/headful"]}]}},"_links":{"self":[{"href":"https:\/\/headful.io\/de\/wp-json\/wp\/v2\/pages\/133276","targetHints":{"allow":["GET"]}}],"collection":[{"href":"https:\/\/headful.io\/de\/wp-json\/wp\/v2\/pages"}],"about":[{"href":"https:\/\/headful.io\/de\/wp-json\/wp\/v2\/types\/page"}],"author":[{"embeddable":true,"href":"https:\/\/headful.io\/de\/wp-json\/wp\/v2\/users\/1"}],"replies":[{"embeddable":true,"href":"https:\/\/headful.io\/de\/wp-json\/wp\/v2\/comments?post=133276"}],"version-history":[{"count":0,"href":"https:\/\/headful.io\/de\/wp-json\/wp\/v2\/pages\/133276\/revisions"}],"wp:attachment":[{"href":"https:\/\/headful.io\/de\/wp-json\/wp\/v2\/media?parent=133276"}],"curies":[{"name":"wp","href":"https:\/\/api.w.org\/{rel}","templated":true}]}}