{"id":131352,"date":"2024-05-15T15:47:59","date_gmt":"2024-05-15T15:47:59","guid":{"rendered":"https:\/\/headful.io\/?page_id=131352"},"modified":"2025-11-12T18:46:44","modified_gmt":"2025-11-12T18:46:44","slug":"benutzungsbedingungen","status":"publish","type":"page","link":"https:\/\/headful.io\/de\/terms-of-use\/","title":{"rendered":"Nutzungsbedingungen"},"content":{"rendered":"<div class=\"wpb-content-wrapper\"><div data-parent=\"true\" class=\"vc_row topheader has-bg need-focus style-color-233826-bg vc_custom_1762973195953 border-color-210407-color row-container with-parallax\" style=\"border-style: solid;border-bottom-width: 18px ;\" id=\"row-unique-0\"><div class=\"row-background background-element\" style=\"opacity: 1;\">\n\t\t\t\t\t\t\t\t\t\t\t<div class=\"background-wrapper\">\n\t\t\t\t\t\t\t\t\t\t\t\t<div class=\"background-inner\"><\/div>\n\t\t\t\t\t\t\t\t\t\t\t\t<div class=\"block-bg-overlay block-bg-blend-mode for-ie\" style=\"opacity: 1;\"><\/div><div class=\"block-bg-overlay block-bg-blend-mode not-ie\" style=\"mix-blend-mode:screen;\" data-bg-noise-1=\"#3311db\" data-bg-noise-2=\"#3311db\" data-bg-noise-speed=\"1500\" data-bg-noise-size=\"1\"><span class=\"uncode-canvas-bg-noise-wrap\"><\/span><\/div>\n\t\t\t\t\t\t\t\t\t\t\t<\/div>\n\t\t\t\t\t\t\t\t\t\t<\/div><div class=\"row col-no-gutter quad-top-padding no-bottom-padding no-h-padding full-width row-parent\"><div class=\"wpb_row row-inner\"><div class=\"wpb_column pos-justify pos-center align_center column_parent col-lg-12 no-internal-gutter\"><div class=\"uncol style-spec style-dark\"  ><div class=\"uncoltable\"><div class=\"uncell no-block-padding\" ><div class=\"uncont\" ><div class=\"vc_row row-internal row-container\"><div class=\"row row-next-to-blend row-child\"><div class=\"wpb_row row-inner\"><div class=\"wpb_column pos-justify pos-center align_center column_child col-lg-12 half-internal-gutter\"><div class=\"uncol style-light animate_when_almost_visible alpha-anim\" ><div class=\"uncoltable\"><div class=\"uncell no-block-padding\" ><div class=\"uncont\" style=\" max-width:996px;\" ><div class=\"vc_custom_heading_wrap\"><div class=\"heading-text el-text\" ><h1 class=\"fontsize-194405 font-weight-600 text-color-xsdn-color\" ><span>Nutzungsbedingungen<\/span><\/h1><\/div><div class=\"clear\"><\/div><\/div><div class=\"vc_custom_heading_wrap\"><div class=\"heading-text el-text\" ><h1 class=\"h1 font-weight-600 text-color-210407-color\" ><span>\u00b7\u00b7\u00b7<\/span><\/h1><\/div><div class=\"clear\"><\/div><\/div><div class=\"empty-space empty-triple tablet-hidden mobile-hidden\" ><span class=\"empty-space-inner\"><\/span><\/div>\n<div class=\"empty-space empty-double desktop-hidden\" ><span class=\"empty-space-inner\"><\/span><\/div>\n<\/div><\/div><\/div><\/div><\/div><\/div><\/div><\/div><\/div><\/div><\/div><\/div><\/div><script id=\"script-row-unique-0\" data-row=\"script-row-unique-0\" type=\"text\/javascript\" class=\"vc_controls\">UNCODE.initRow(document.getElementById(\"row-unique-0\"));<\/script><\/div><\/div><\/div><div data-parent=\"true\" class=\"vc_row row-next-to-blend row-container\" id=\"row-unique-1\"><div class=\"row double-top-padding quad-bottom-padding single-h-padding limit-width row-parent\"><div class=\"wpb_row row-inner\"><div class=\"wpb_column pos-top pos-center align_left column_parent col-lg-12 no-internal-gutter\"><div class=\"uncol style-light\"  ><div class=\"uncoltable\"><div class=\"uncell no-block-padding  unradius-std\" ><div class=\"uncont\" ><div class=\"uncode_text_column\" ><\/p>\n<h2>Bedingungen f\u00fcr die Verwendung der headful-Software<\/h2>\n<p><span style=\"font-weight: 400;\">Die folgenden Nutzungsbedingungen gelten zwischen headful software GmbH (im Folgenden \"Anbieter\") und seinen Kunden (im Folgenden \"Kunde\")<\/span><\/p>\n<h3>1. Gegenstand des Vertrages<\/h3>\n<p><span style=\"font-weight: 400;\">Gegenstand dieser Nutzungsbedingungen zwischen dem Anbieter und dem Kunden ist die entgeltliche Bereitstellung der headful-Software (im Folgenden \"Software\") durch den Anbieter zur Nutzung durch den Kunden \u00fcber eine Datenfernverbindung, begrenzt auf die Laufzeit des Vertrages. Die Installation der Software zur Nutzung durch den Kunden ist nicht Gegenstand der Vereinbarung.<\/span><\/p>\n<h3>2. Dienstleistungen des Anbieters; Software<\/h3>\n<p><b>2.1. &nbsp; &nbsp; <\/b><span style=\"font-weight: 400;\">Der Anbieter \u00fcberl\u00e4sst dem Kunden die Nutzung der in Entgelt 1 genannten Software mit der dort n\u00e4her beschriebenen Funktionalit\u00e4t und vorbehaltlich der ebenfalls dort genannten funktionalen Anforderungen f\u00fcr die vereinbarte Anzahl von Nutzungsberechtigten. Die Software wird vom Anbieter zur Nutzung am Routerausgang des vom Anbieter genutzten Rechenzentrums zur Verf\u00fcgung gestellt. Die Software verbleibt auf dem Server des Anbieters oder des vom Anbieter genutzten Rechenzentrums. Der Anbieter ist nicht f\u00fcr die Herstellung und Aufrechterhaltung der Datenverbindung zwischen dem IT-System des Kunden und dem vom Anbieter betriebenen \u00dcbergabepunkt verantwortlich.<\/span><\/p>\n<p><b>2.2. &nbsp; &nbsp; <\/b><span style=\"font-weight: 400;\">Der Kunde greift \u00fcber die in Anhang 1 angegebene Schnittstelle (API) auf die Software zu. Die zugreifenden Kundensysteme m\u00fcssen die in Anhang 1 genannten technischen Mindestanforderungen erf\u00fcllen.<\/span><\/p>\n<p><b>2.3. &nbsp; &nbsp; <\/b><span style=\"font-weight: 400;\">Der Kunde kann die Anzahl der autorisierten Nutzer der Software nach Bedarf unter den vereinbarten Bedingungen erh\u00f6hen oder verringern.<\/span><\/p>\n<p><b>2.4. &nbsp; &nbsp; <\/b><span style=\"font-weight: 400;\">Der Anbieter kann ein sogenanntes Software Development Kit (im Folgenden: \"SDK\") bereitstellen, das die Integration der Software in die Systeme des Kunden erleichtert. Das SDK ist jedoch weder Teil der Software noch Teil dieser Vereinbarung, und seine Bereitstellung liegt im alleinigen Ermessen des Anbieters.<\/span><\/p>\n<p><b>2.5. &nbsp; &nbsp; <\/b><span style=\"font-weight: 400;\">Au\u00dferhalb von Release-Updates darf der Anbieter die Software im Rahmen der technischen M\u00f6glichkeiten \u00e4ndern und die aktuell angebotene Version nutzen sowie das genutzte Rechenzentrum wechseln, wenn die \u00c4nderung der Software oder des Rechenzentrums unter Ber\u00fccksichtigung der Interessen des Anbieters f\u00fcr den Kunden zumutbar ist. Der Kunde hat jedoch keinen Anspruch auf die Nutzung einer neueren Version der in Anlage 1 genannten Software.<\/span><\/p>\n<h3>3. Service Level\/Verf\u00fcgbarkeit<\/h3>\n<p><b>3.1. &nbsp; &nbsp; <\/b><span style=\"font-weight: 400;\">Die Software wird dem Kunden zu den folgenden Bedingungen zur Nutzung zur Verf\u00fcgung gestellt. Der Anbieter garantiert eine Gesamtverf\u00fcgbarkeit der Dienste von mindestens 95 Prozent pro Monat am \u00dcbergabepunkt. Der \u00dcbergabepunkt ist der Routerausgang des vom Anbieter genutzten Rechenzentrums.<\/span><\/p>\n<p><b>3.2. &nbsp; &nbsp; <\/b><span style=\"font-weight: 400;\">Verf\u00fcgbarkeit ist definiert als die F\u00e4higkeit des Kunden, alle Hauptfunktionen der Software zu nutzen. Wartungsperioden und Unterbrechungszeiten, die der L\u00f6sungszeit unterliegen, werden als Software-Verf\u00fcgbarkeitszeitr\u00e4ume betrachtet. Zeitr\u00e4ume mit geringf\u00fcgigen Unterbrechungen werden bei der Berechnung der Verf\u00fcgbarkeit nicht ber\u00fccksichtigt. Zum Nachweis der Verf\u00fcgbarkeit werden die Messinstrumente des Anbieters im Rechenzentrum verwendet.<\/span><\/p>\n<p><b>3.3. &nbsp; &nbsp; <\/b><span style=\"font-weight: 400;\">Der Kunde muss etwaige St\u00f6rungen unverz\u00fcglich an folgende Kontaktdaten melden: support@elisaa13.sg-host.com. Die St\u00f6rungsmeldung und -behebung wird von Montag bis Freitag (au\u00dfer an gesetzlichen Feiertagen in der Bundesrepublik Deutschland) zwischen 9:00 und 18:00 Uhr (MEZ) garantiert (Servicezeiten).<\/span><\/p>\n<p><b>3.4. &nbsp; &nbsp; <\/b><span style=\"font-weight: 400;\">Der Anbieter wird schwerwiegende St\u00f6rungen (die Nutzung der Software als Ganzes oder einer Schl\u00fcsselfunktion der Software ist nicht m\u00f6glich), auch au\u00dferhalb der Servicezeiten, innerhalb von 72 Stunden nach Eingang der St\u00f6rungsmeldung beheben - vorausgesetzt, die Meldung geht innerhalb der Servicezeiten ein (L\u00f6sungszeit). Ist absehbar, dass die St\u00f6rung nicht innerhalb dieses Zeitraums behoben werden kann, informiert der Anbieter den Kunden unverz\u00fcglich und gibt die voraussichtliche \u00dcberschreitung des Zeitraums an.<\/span><\/p>\n<p><b>3.5. &nbsp; &nbsp; <\/b><span style=\"font-weight: 400;\">Andere erhebliche St\u00f6rungen (Haupt- oder Nebenfunktionen der Software sind gest\u00f6rt, k\u00f6nnen aber weiterhin genutzt werden; oder andere erhebliche St\u00f6rungen) werden sp\u00e4testens innerhalb von 96 Stunden w\u00e4hrend der Servicezeiten behoben (L\u00f6sungszeit).<\/span><\/p>\n<p><b>3.6. &nbsp; &nbsp; <\/b><span style=\"font-weight: 400;\">Die Beseitigung von kleineren St\u00f6rungen liegt im Ermessen des Anbieters.<\/span><\/p>\n<h3>4. Daten\u00fcbertragung<\/h3>\n<p><b>4.1. &nbsp; &nbsp; <\/b><span style=\"font-weight: 400;\">Damit die Software funktioniert, muss der Kunde Daten an den Anbieter \u00fcbermitteln, der diese Daten dann auf seinen Systemen speichern muss.<\/span><\/p>\n<p><b>4.2. &nbsp; &nbsp; <\/b><span style=\"font-weight: 400;\">Der Kunde r\u00e4umt dem Anbieter alle f\u00fcr den Betrieb der Software erforderlichen Rechte an diesen Daten ein, einschlie\u00dflich des Rechts, sie zu vervielf\u00e4ltigen oder zu bearbeiten. Der Anbieter ist au\u00dferdem berechtigt, die Daten in einem Backup-Rechenzentrum zu speichern. Um St\u00f6rungen zu beheben, ist der Anbieter au\u00dferdem berechtigt, \u00c4nderungen an der Struktur oder dem Format der Daten vorzunehmen. Dar\u00fcber hinaus ist der Anbieter berechtigt, bestimmte Datens\u00e4tze zu l\u00f6schen, insbesondere wenn sie falsch oder aus anderen Gr\u00fcnden unbrauchbar erscheinen.<\/span><\/p>\n<p><b>4.3. &nbsp; &nbsp; <\/b><span style=\"font-weight: 400;\">Der Anbieter ist nicht f\u00fcr die vom Kunden hochgeladenen Daten verantwortlich.<\/span><\/p>\n<h3>5. Verarbeitung von personenbezogenen Daten<\/h3>\n<p><b>5.1. &nbsp; &nbsp; <\/b><span style=\"font-weight: 400;\">Wenn der Kunde im Rahmen dieses Vertragsverh\u00e4ltnisses personenbezogene Daten verarbeitet, ist er f\u00fcr die Einhaltung der Datenschutzbestimmungen verantwortlich. Dies umfasst, um Zweifel auszuschlie\u00dfen, die EU-rechtlichen Anforderungen und andere nationale oder lokale Datenschutzbestimmungen, soweit sie auf die Datenverarbeitung des Kunden anwendbar sind. Der Kunde stellt den Anbieter von allen Anspr\u00fcchen Dritter frei, die diese aufgrund einer rechtswidrigen Datenverarbeitung durch den Kunden gegen den Anbieter geltend machen.<\/span><\/p>\n<p><b>5.2.<\/b><span style=\"font-weight: 400;\">Der Anbieter wird die vom Kunden \u00fcbermittelten Daten nur gem\u00e4\u00df den Anweisungen des Kunden verarbeiten. Wenn der Anbieter der Meinung ist, dass eine Kundenanweisung gegen die Datenschutzbestimmungen verst\u00f6\u00dft, wird er den Kunden unverz\u00fcglich benachrichtigen. Einzelheiten zur Auftragsdatenverarbeitung sind in Anhang 2, \"Vereinbarung zur Auftragsdatenverarbeitung\", aufgef\u00fchrt.<\/span><\/p>\n<h3>6. Zugangsrechte<\/h3>\n<p><b>6.1.<\/b><span style=\"font-weight: 400;\">Der Kunde erh\u00e4lt die notwendigen Zugangsdaten f\u00fcr den Zugriff auf die Software. Diese Zugangsdaten d\u00fcrfen vom Kunden nur zum Zwecke der Nutzung der Software im Rahmen dieser Vereinbarung verwendet werden und sind ansonsten vertraulich zu behandeln.<\/span><\/p>\n<p><b>6.2. &nbsp; &nbsp; <\/b><span style=\"font-weight: 400;\">Der Kunde ist nicht berechtigt, Dritten Zugangsrechte oder die Nutzung der Dienste des Anbieters zu gew\u00e4hren. Als Dritter gilt nicht, wer Erf\u00fcllungsgehilfe des Kunden ist und die Dienste unentgeltlich nutzt, wie z. B. Mitarbeiter des Kunden, freie Mitarbeiter im Rahmen des Vertragsverh\u00e4ltnisses usw.<\/span><\/p>\n<h3>7. Kooperationsdienste<\/h3>\n<p><b>7.1. &nbsp; &nbsp; <\/b><span style=\"font-weight: 400;\">Der Kunde ist daf\u00fcr verantwortlich, eine Datenverbindung zwischen den von ihm zu nutzenden IT-Systemen und dem vom Anbieter festgelegten Daten\u00fcbergabepunkt herzustellen. Der Anbieter ist berechtigt, den Daten\u00fcbergabepunkt neu festzulegen und wird den Kunden innerhalb einer angemessenen Frist \u00fcber den neuen Daten\u00fcbergabepunkt informieren. In diesem Fall stellt der Kunde eine Verbindung zu dem neu festgelegten \u00dcbergabepunkt her.<\/span><\/p>\n<p><b>7.2.<\/b><span style=\"font-weight: 400;\">Um die Dienste des Anbieters zu nutzen, wird der Kunde nur Systeme verwenden, die die in Anhang 2 genannten Anforderungen erf\u00fcllen. Die Konfiguration seines IT-Systems liegt in der Verantwortung des Kunden.<\/span><\/p>\n<h3>8. Entlohnung, F\u00e4lligkeit<\/h3>\n<p><b>8.1. &nbsp; &nbsp; <\/b><span style=\"font-weight: 400;\">Alle Preise sind Nettopreise und unterliegen den gesetzlichen Steuern und Abgaben.<\/span><\/p>\n<h3>9. Vertragslaufzeit, K\u00fcndigung<\/h3>\n<p><b>9.1. &nbsp; &nbsp; <\/b><span style=\"font-weight: 400;\">Die Vertragslaufzeit betr\u00e4gt ein Jahr, wenn nicht anders vereinbart.<\/span><\/p>\n<p><b>9.2. &nbsp; &nbsp; <\/b><span style=\"font-weight: 400;\">Das Recht, aus wichtigem Grund zu k\u00fcndigen, bleibt davon unber\u00fchrt.<\/span><\/p>\n<h3>10. Unterbrechungen und Unterst\u00fctzung<\/h3>\n<p><b>10.1.<\/b><span style=\"font-weight: 400;\">Ist die Tauglichkeit zum vertragsgem\u00e4\u00dfen Gebrauch mehr als nur unerheblich beeintr\u00e4chtigt, haftet der Anbieter nach den gesetzlichen Bestimmungen. Eine verschuldensunabh\u00e4ngige Haftung auf Schadensersatz f\u00fcr M\u00e4ngel, die bereits zum Zeitpunkt des Vertragsschlusses bestanden, ist ausgeschlossen.<\/span><\/p>\n<p><b>10.2.<\/b><span style=\"font-weight: 400;\">Der Kunde muss St\u00f6rungen in der Funktionalit\u00e4t der Software unverz\u00fcglich \u00fcber das vom Anbieter eingerichtete Ticketsystem an den Anbieter melden.<\/span><\/p>\n<h3>11. Haftung<\/h3>\n<p><b>11.1.<\/b><span style=\"font-weight: 400;\">Die Parteien haften sich gegenseitig unbegrenzt:<\/span><\/p>\n<ul>\n<li><span style=\"font-weight: 400;\">bei Vorsatz, Arglist oder grober Fahrl\u00e4ssigkeit;<\/span><\/li>\n<li>im Rahmen einer von ihnen ausdr\u00fccklich gew\u00e4hrten Garantie;<\/li>\n<li>f\u00fcr Sch\u00e4den aus der Verletzung von Leben, K\u00f6rper oder Gesundheit;<\/li>\n<li>f\u00fcr die Verletzung einer wesentlichen Vertragspflicht, deren Erf\u00fcllung die ordnungsgem\u00e4\u00dfe Durchf\u00fchrung des Vertrages \u00fcberhaupt erst erm\u00f6glicht und auf deren Einhaltung die Parteien regelm\u00e4\u00dfig vertrauen und vertrauen d\u00fcrfen (\"Kardinalpflicht\"), jedoch begrenzt auf den Schaden, der zum Zeitpunkt des Vertragsschlusses vern\u00fcnftigerweise erwartet werden konnte;<\/li>\n<li>in \u00dcbereinstimmung mit den Bestimmungen des Produkthaftungsgesetzes.<\/li>\n<\/ul>\n<p><b>11.2.<\/b><span style=\"font-weight: 400;\">Andernfalls ist die Haftung der Parteien ausgeschlossen.<\/span><\/p>\n<p><b>11.3. <\/b><span style=\"font-weight: 400;\">Die vorstehenden Haftungsregeln gelten entsprechend f\u00fcr das Verhalten und die Anspr\u00fcche gegen\u00fcber Besch\u00e4ftigten, gesetzlichen Vertretern und Erf\u00fcllungsgehilfen der Parteien.<\/span><\/p>\n<h3>12. H\u00f6here Gewalt<\/h3>\n<p><span style=\"font-weight: 400;\">Keine der Parteien ist verpflichtet, ihre vertraglichen Verpflichtungen im Falle und w\u00e4hrend der Dauer h\u00f6herer Gewalt zu erf\u00fcllen. Insbesondere die folgenden Umst\u00e4nde gelten als h\u00f6here Gewalt in diesem Sinne:<\/span><\/p>\n<ul>\n<li><span style=\"font-weight: 400;\"> Brand\/Explosion\/\u00dcberschwemmung, f\u00fcr die der Vertragspartner nicht verantwortlich ist,<\/span><\/li>\n<li><span style=\"font-weight: 400;\"> Krieg, Meuterei, Blockade, Embargo,<\/span><\/li>\n<li><span style=\"font-weight: 400;\"> Arbeitskampfma\u00dfnahmen, die l\u00e4nger als 6 Wochen andauern und nicht durch Fahrl\u00e4ssigkeit des Vertragspartners verursacht wurden,<\/span><\/li>\n<li><span style=\"font-weight: 400;\"> technische Probleme mit dem Internet, die nicht von einem Vertragspartner beeinflusst werden k\u00f6nnen.<\/span><\/li>\n<\/ul>\n<p><span style=\"font-weight: 400;\">Es wird klargestellt, dass die SARS-Covid-19-Pandemie keinen Fall von h\u00f6herer Gewalt darstellt.<\/span><\/p>\n<p><span style=\"font-weight: 400;\">Jede Vertragspartei muss die andere unverz\u00fcglich schriftlich \u00fcber das Eintreten eines Falles von h\u00f6herer Gewalt informieren.<\/span><\/p>\n<h3>13. Datenschutz und Auftragsabwicklung<\/h3>\n<p><b>13.1.<\/b><span style=\"font-weight: 400;\">Informationen zur Datenverarbeitung findest du in der<\/span><a href=\"https:\/\/headful.io\/de\/datenschutzbestimmungen\/\"> <b>Datenschutzrichtlinie<\/b><\/a><span style=\"font-weight: 400;\">.<\/span><\/p>\n<p><b>13.2. <\/b><span style=\"font-weight: 400;\">Soweit wir personenbezogene Daten gem\u00e4\u00df Art. 28 GDPR, unser<\/span> <a href=\"https:\/\/headful.io\/de\/datenschutzrichtlinie-2\/\"><b>Datenverarbeitungsvertrag (DPA)<\/b><\/a><b>.<\/b><\/p>\n<h3>14. Schlussbestimmungen<\/h3>\n<p><b>14.1.<\/b><span style=\"font-weight: 400;\">Andere allgemeine Gesch\u00e4ftsbedingungen der Parteien finden auf diese Vereinbarung keine Anwendung. Dies gilt auch dann, wenn solchen Bedingungen nicht ausdr\u00fccklich widersprochen wird.<\/span><\/p>\n<p><b>14.2.<\/b><span style=\"font-weight: 400;\">Die Abtretung von Forderungen ist nur mit vorheriger schriftlicher Zustimmung der anderen Vertragspartei zul\u00e4ssig. Die Zustimmung darf nicht unbillig verweigert werden. Die Bestimmungen des \u00a7 354a des Handelsgesetzbuches (HGB) bleiben hiervon unber\u00fchrt. Ein Zur\u00fcckbehaltungsrecht kann nur wegen Gegenanspr\u00fcchen aus dem jeweiligen Vertragsverh\u00e4ltnis geltend gemacht werden. Die Vertragsparteien k\u00f6nnen nur mit rechtskr\u00e4ftig festgestellten oder unbestrittenen Forderungen aufrechnen.<\/span><\/p>\n<p><b>14.3.<\/b><span style=\"font-weight: 400;\">Alle \u00c4nderungen, Erg\u00e4nzungen und K\u00fcndigungen von vertraglichen Vereinbarungen bed\u00fcrfen der Schriftform, ebenso wie die Aufhebung des Schriftformerfordernisses, es sei denn, dieser Vertrag sieht Textform vor.<\/span><\/p>\n<p><b>14.4.<\/b><span style=\"font-weight: 400;\">Sollten einzelne Bestimmungen der Vereinbarungen der Parteien ganz oder teilweise unwirksam sein oder werden, so wird die Wirksamkeit der \u00fcbrigen Bestimmungen nicht ber\u00fchrt. In diesem Fall verpflichten sich die Parteien, die unwirksame Bestimmung durch eine wirksame Bestimmung zu ersetzen, die dem wirtschaftlichen Zweck der unwirksamen Bestimmung am n\u00e4chsten kommt. Das Gleiche gilt f\u00fcr etwaige L\u00fccken in den Vereinbarungen.<\/span><\/p>\n<p><b>14.5.<\/b><span style=\"font-weight: 400;\">Es gilt das Recht der Bundesrepublik Deutschland.<\/span><\/p>\n<p><span style=\"font-weight: 400;\">Stand: 14.05.2023<\/span><\/p>\n<\/div><\/div><\/div><\/div><\/div><\/div><script id=\"script-row-unique-1\" data-row=\"script-row-unique-1\" type=\"text\/javascript\" class=\"vc_controls\">UNCODE.initRow(document.getElementById(\"row-unique-1\"));<\/script><\/div><\/div><\/div>\n<\/div>","protected":false},"excerpt":{"rendered":"Terms of Use\u00b7\u00b7\u00b7 Conditions for using the headful software The following terms of use apply between headful software GmbH (hereinafter [...]","protected":false},"author":1,"featured_media":0,"parent":0,"menu_order":0,"comment_status":"closed","ping_status":"closed","template":"","meta":{"footnotes":""},"class_list":["post-131352","page","type-page","status-publish","hentry"],"yoast_head":"<!-- This site is optimized with the Yoast SEO Premium plugin v25.5 (Yoast SEO v27.2) - https:\/\/yoast.com\/product\/yoast-seo-premium-wordpress\/ -->\n<title>Terms of Use - headful<\/title>\n<meta name=\"description\" content=\"Understand the terms and conditions for using headful, including user obligations, service levels, data handling, and liability. Ensure compliance and make informed decisions with Headful\u2019s detailed terms of use.\" \/>\n<meta name=\"robots\" content=\"index, follow, max-snippet:-1, max-image-preview:large, max-video-preview:-1\" \/>\n<link rel=\"canonical\" href=\"https:\/\/headful.io\/de\/benutzungsbedingungen\/\" \/>\n<meta property=\"og:locale\" content=\"de_DE\" \/>\n<meta property=\"og:type\" content=\"article\" \/>\n<meta property=\"og:title\" content=\"Terms of Use - headful\" \/>\n<meta property=\"og:description\" content=\"Understand the terms and conditions for using headful, including user obligations, service levels, data handling, and liability. Ensure compliance and make informed decisions with Headful\u2019s detailed terms of use.\" \/>\n<meta property=\"og:url\" content=\"https:\/\/headful.io\/de\/benutzungsbedingungen\/\" \/>\n<meta property=\"og:site_name\" content=\"headful\" \/>\n<meta property=\"article:modified_time\" content=\"2025-11-12T18:46:44+00:00\" \/>\n<meta property=\"og:image\" content=\"https:\/\/headful.io\/wp-content\/uploads\/2025\/08\/headful_yoast-background.jpg\" \/>\n\t<meta property=\"og:image:width\" content=\"2560\" \/>\n\t<meta property=\"og:image:height\" content=\"1440\" \/>\n\t<meta property=\"og:image:type\" content=\"image\/jpeg\" \/>\n<meta name=\"twitter:card\" content=\"summary_large_image\" \/>\n<meta name=\"twitter:label1\" content=\"Gesch\u00e4tzte Lesezeit\" \/>\n\t<meta name=\"twitter:data1\" content=\"9\u00a0Minuten\" \/>\n<script type=\"application\/ld+json\" class=\"yoast-schema-graph\">{\"@context\":\"https:\/\/schema.org\",\"@graph\":[{\"@type\":\"WebPage\",\"@id\":\"https:\/\/headful.io\/terms-of-use\/\",\"url\":\"https:\/\/headful.io\/terms-of-use\/\",\"name\":\"Terms of Use - headful\",\"isPartOf\":{\"@id\":\"https:\/\/headful.io\/#website\"},\"datePublished\":\"2024-05-15T15:47:59+00:00\",\"dateModified\":\"2025-11-12T18:46:44+00:00\",\"description\":\"Understand the terms and conditions for using headful, including user obligations, service levels, data handling, and liability. Ensure compliance and make informed decisions with Headful\u2019s detailed terms of use.\",\"inLanguage\":\"de\",\"potentialAction\":[{\"@type\":\"ReadAction\",\"target\":[\"https:\/\/headful.io\/terms-of-use\/\"]}]},{\"@type\":\"WebSite\",\"@id\":\"https:\/\/headful.io\/#website\",\"url\":\"https:\/\/headful.io\/\",\"name\":\"headful\",\"description\":\"Simplify your Communication\",\"publisher\":{\"@id\":\"https:\/\/headful.io\/#organization\"},\"potentialAction\":[{\"@type\":\"SearchAction\",\"target\":{\"@type\":\"EntryPoint\",\"urlTemplate\":\"https:\/\/headful.io\/?s={search_term_string}\"},\"query-input\":{\"@type\":\"PropertyValueSpecification\",\"valueRequired\":true,\"valueName\":\"search_term_string\"}}],\"inLanguage\":\"de\"},{\"@type\":\"Organization\",\"@id\":\"https:\/\/headful.io\/#organization\",\"name\":\"headful\",\"url\":\"https:\/\/headful.io\/\",\"logo\":{\"@type\":\"ImageObject\",\"inLanguage\":\"de\",\"@id\":\"https:\/\/headful.io\/#\/schema\/logo\/image\/\",\"url\":\"https:\/\/headful.io\/wp-content\/uploads\/2024\/04\/cropped-Headful_favicon.png\",\"contentUrl\":\"https:\/\/headful.io\/wp-content\/uploads\/2024\/04\/cropped-Headful_favicon.png\",\"width\":512,\"height\":512,\"caption\":\"headful\"},\"image\":{\"@id\":\"https:\/\/headful.io\/#\/schema\/logo\/image\/\"},\"sameAs\":[\"https:\/\/www.linkedin.com\/company\/headful\"]}]}<\/script>\n<!-- \/ Yoast SEO Premium plugin. -->","yoast_head_json":{"title":"Nutzungsbedingungen - headful","description":"Verstehe die Bedingungen f\u00fcr die Nutzung von headful, einschlie\u00dflich der Nutzerverpflichtungen, Servicelevel, Datenverarbeitung und Haftung. Mit den detaillierten Nutzungsbedingungen von Headful kannst du die Einhaltung der Vorschriften sicherstellen und fundierte Entscheidungen treffen.","robots":{"index":"index","follow":"follow","max-snippet":"max-snippet:-1","max-image-preview":"max-image-preview:large","max-video-preview":"max-video-preview:-1"},"canonical":"https:\/\/headful.io\/de\/benutzungsbedingungen\/","og_locale":"de_DE","og_type":"article","og_title":"Terms of Use - headful","og_description":"Understand the terms and conditions for using headful, including user obligations, service levels, data handling, and liability. Ensure compliance and make informed decisions with Headful\u2019s detailed terms of use.","og_url":"https:\/\/headful.io\/de\/benutzungsbedingungen\/","og_site_name":"headful","article_modified_time":"2025-11-12T18:46:44+00:00","og_image":[{"width":2560,"height":1440,"url":"https:\/\/headful.io\/wp-content\/uploads\/2025\/08\/headful_yoast-background.jpg","type":"image\/jpeg"}],"twitter_card":"summary_large_image","twitter_misc":{"Gesch\u00e4tzte Lesezeit":"9\u00a0Minuten"},"schema":{"@context":"https:\/\/schema.org","@graph":[{"@type":"WebPage","@id":"https:\/\/headful.io\/terms-of-use\/","url":"https:\/\/headful.io\/terms-of-use\/","name":"Nutzungsbedingungen - headful","isPartOf":{"@id":"https:\/\/headful.io\/#website"},"datePublished":"2024-05-15T15:47:59+00:00","dateModified":"2025-11-12T18:46:44+00:00","description":"Verstehe die Bedingungen f\u00fcr die Nutzung von headful, einschlie\u00dflich der Nutzerverpflichtungen, Servicelevel, Datenverarbeitung und Haftung. Mit den detaillierten Nutzungsbedingungen von Headful kannst du die Einhaltung der Vorschriften sicherstellen und fundierte Entscheidungen treffen.","inLanguage":"de","potentialAction":[{"@type":"ReadAction","target":["https:\/\/headful.io\/terms-of-use\/"]}]},{"@type":"WebSite","@id":"https:\/\/headful.io\/#website","url":"https:\/\/headful.io\/","name":"headful","description":"Vereinfachen Sie Ihre Kommunikation","publisher":{"@id":"https:\/\/headful.io\/#organization"},"potentialAction":[{"@type":"SearchAction","target":{"@type":"EntryPoint","urlTemplate":"https:\/\/headful.io\/?s={search_term_string}"},"query-input":{"@type":"PropertyValueSpecification","valueRequired":true,"valueName":"search_term_string"}}],"inLanguage":"de"},{"@type":"Organization","@id":"https:\/\/headful.io\/#organization","name":"headful","url":"https:\/\/headful.io\/","logo":{"@type":"ImageObject","inLanguage":"de","@id":"https:\/\/headful.io\/#\/schema\/logo\/image\/","url":"https:\/\/headful.io\/wp-content\/uploads\/2024\/04\/cropped-Headful_favicon.png","contentUrl":"https:\/\/headful.io\/wp-content\/uploads\/2024\/04\/cropped-Headful_favicon.png","width":512,"height":512,"caption":"headful"},"image":{"@id":"https:\/\/headful.io\/#\/schema\/logo\/image\/"},"sameAs":["https:\/\/www.linkedin.com\/company\/headful"]}]}},"_links":{"self":[{"href":"https:\/\/headful.io\/de\/wp-json\/wp\/v2\/pages\/131352","targetHints":{"allow":["GET"]}}],"collection":[{"href":"https:\/\/headful.io\/de\/wp-json\/wp\/v2\/pages"}],"about":[{"href":"https:\/\/headful.io\/de\/wp-json\/wp\/v2\/types\/page"}],"author":[{"embeddable":true,"href":"https:\/\/headful.io\/de\/wp-json\/wp\/v2\/users\/1"}],"replies":[{"embeddable":true,"href":"https:\/\/headful.io\/de\/wp-json\/wp\/v2\/comments?post=131352"}],"version-history":[{"count":2,"href":"https:\/\/headful.io\/de\/wp-json\/wp\/v2\/pages\/131352\/revisions"}],"predecessor-version":[{"id":160814,"href":"https:\/\/headful.io\/de\/wp-json\/wp\/v2\/pages\/131352\/revisions\/160814"}],"wp:attachment":[{"href":"https:\/\/headful.io\/de\/wp-json\/wp\/v2\/media?parent=131352"}],"curies":[{"name":"wp","href":"https:\/\/api.w.org\/{rel}","templated":true}]}}